{"id":7039,"date":"2024-06-28T22:39:59","date_gmt":"2024-06-28T22:39:59","guid":{"rendered":"https:\/\/2bexport.com.tr\/unsere-produkte\/"},"modified":"2024-08-26T16:54:17","modified_gmt":"2024-08-26T16:54:17","slug":"unsere-produkte","status":"publish","type":"page","link":"https:\/\/2bexport.com.tr\/de\/unsere-produkte\/","title":{"rendered":"Unsere Produkte"},"content":{"rendered":"<p>[et_pb_section fb_built=&#8220;1&#8243; _builder_version=&#8220;4.25.2&#8243; _module_preset=&#8220;default&#8220; background_image=&#8220;https:\/\/2bexport.com.tr\/wp-content\/uploads\/2024\/06\/hizmetlerimiz1-1.jpg&#8220; height=&#8220;300px&#8220; locked=&#8220;off&#8220; global_colors_info=&#8220;{}&#8220;][\/et_pb_section][et_pb_section fb_built=&#8220;1&#8243; admin_label=&#8220;Schedule&#8220; _builder_version=&#8220;4.16&#8243; _module_preset=&#8220;default&#8220; locked=&#8220;off&#8220; global_colors_info=&#8220;{}&#8220;][et_pb_row use_custom_gutter=&#8220;on&#8220; gutter_width=&#8220;2&#8243; _builder_version=&#8220;4.25.2&#8243; _module_preset=&#8220;default&#8220; custom_padding=&#8220;0px|0px|0px|0px|true|true&#8220; link_option_url=&#8220;#&#8220; border_color_all=&#8220;rgba(0,0,0,0.1)&#8220; border_width_bottom=&#8220;1px&#8220; global_colors_info=&#8220;{}&#8220; background_color__hover=&#8220;rgba(0,0,0,0.03)&#8220; background__hover_enabled=&#8220;on|hover&#8220; background_enable_color__hover=&#8220;on&#8220;][et_pb_column type=&#8220;4_4&#8243; _builder_version=&#8220;4.16&#8243; _module_preset=&#8220;default&#8220; global_colors_info=&#8220;{}&#8220;][et_pb_accordion open_toggle_background_color=&#8220;RGBA(255,255,255,0)&#8220; closed_toggle_background_color=&#8220;RGBA(255,255,255,0)&#8220; icon_color=&#8220;#1e1916&#8243; use_icon_font_size=&#8220;on&#8220; icon_font_size=&#8220;25px&#8220; module_class=&#8220;homepage-products&#8220; _builder_version=&#8220;4.25.2&#8243; _module_preset=&#8220;default&#8220; toggle_text_color=&#8220;#1e1916&#8243; toggle_level=&#8220;h2&#8243; toggle_font=&#8220;Red Hat Display|600|||||||&#8220; toggle_font_size=&#8220;25px&#8220; body_font=&#8220;Red Hat Display||||||||&#8220; body_text_color=&#8220;#1e1916&#8243; body_font_size=&#8220;15px&#8220; custom_padding=&#8220;25px|0px|25px|0px|true|true&#8220; animation_style=&#8220;slide&#8220; animation_direction=&#8220;bottom&#8220; animation_duration=&#8220;600ms&#8220; animation_intensity_slide=&#8220;2.5%&#8220; hover_enabled=&#8220;0&#8243; border_width_all=&#8220;2px&#8220; border_color_all=&#8220;#1e1916&#8243; global_colors_info=&#8220;{}&#8220; sticky_enabled=&#8220;0&#8243;][et_pb_accordion_item title=&#8220;Herrenbekleidung&#8220; open=&#8220;on&#8220; toggle_icon=&#8220;&#x33;||divi||400&#8243; _builder_version=&#8220;4.25.2&#8243; _module_preset=&#8220;default&#8220; hover_enabled=&#8220;0&#8243; global_colors_info=&#8220;{}&#8220; sticky_enabled=&#8220;0&#8243;]<\/p>\n<p>Wenden Sie sich an uns, um Informationen \u00fcber das umfassende Dienstleistungsangebot von 2B Export zu erhalten.<\/p>\n<div class=\"fl-builder-content fl-builder-content-2301 fl-builder-template fl-builder-module-template fl-builder-global-templates-locked\" data-post-id=\"2301\">\n<div class=\"fl-module fl-module-pp-contact-form fl-node-601c852ac46bc\" data-node=\"601c852ac46bc\">\n<div class=\"fl-module-content fl-node-content\">\n<div class=\"fl-builder-content fl-builder-content-2301 fl-builder-template fl-builder-module-template fl-builder-global-templates-locked\" data-post-id=\"2301\">\n<div class=\"fl-module fl-module-pp-contact-form fl-node-601c852ac46bc\" data-node=\"601c852ac46bc\"><code class=\"dtl-library-shortcode\">[et_pb_section global_module=\"4779\"][\/et_pb_section]<\/code><\/div>\n<\/div>\n<\/div>\n<\/div>\n<\/div>\n<p>[\/et_pb_accordion_item][et_pb_accordion_item title=&#8220;Frauen Kleidung&#8220; toggle_icon=&#8220;&#x33;||divi||400&#8243; _builder_version=&#8220;4.25.2&#8243; _module_preset=&#8220;default&#8220; hover_enabled=&#8220;0&#8243; global_colors_info=&#8220;{}&#8220; open=&#8220;off&#8220; sticky_enabled=&#8220;0&#8243;]<\/p>\n<p>Wenden Sie sich an uns, um Informationen \u00fcber das umfassende Dienstleistungsangebot von 2B Export zu erhalten.<\/p>\n<div class=\"fl-builder-content fl-builder-content-2301 fl-builder-template fl-builder-module-template fl-builder-global-templates-locked\" data-post-id=\"2301\">\n<div class=\"fl-module fl-module-pp-contact-form fl-node-601c852ac46bc\" data-node=\"601c852ac46bc\">\n<div class=\"fl-module-content fl-node-content\">\n<div class=\"fl-builder-content fl-builder-content-2301 fl-builder-template fl-builder-module-template fl-builder-global-templates-locked\" data-post-id=\"2301\">\n<div class=\"fl-module fl-module-pp-contact-form fl-node-601c852ac46bc\" data-node=\"601c852ac46bc\">\n<div class=\"fl-module-content fl-node-content\"><code class=\"dtl-library-shortcode\">[et_pb_section global_module=\"4779\"][\/et_pb_section]<\/code><\/div>\n<\/div>\n<\/div>\n<\/div>\n<\/div>\n<\/div>\n<p>[\/et_pb_accordion_item][et_pb_accordion_item title=&#8220;Kinderkleidung&#8220; toggle_icon=&#8220;&#x33;||divi||400&#8243; _builder_version=&#8220;4.25.2&#8243; _module_preset=&#8220;default&#8220; hover_enabled=&#8220;0&#8243; global_colors_info=&#8220;{}&#8220; open=&#8220;off&#8220; sticky_enabled=&#8220;0&#8243;]<\/p>\n<p>Wenden Sie sich an uns, um Informationen \u00fcber das umfassende Dienstleistungsangebot von 2B Export zu erhalten.<\/p>\n<div class=\"fl-builder-content fl-builder-content-2301 fl-builder-template fl-builder-module-template fl-builder-global-templates-locked\" data-post-id=\"2301\">\n<div class=\"fl-module fl-module-pp-contact-form fl-node-601c852ac46bc\" data-node=\"601c852ac46bc\">\n<div class=\"fl-module-content fl-node-content\">\n<div class=\"fl-builder-content fl-builder-content-2301 fl-builder-template fl-builder-module-template fl-builder-global-templates-locked\" data-post-id=\"2301\">\n<div class=\"fl-module fl-module-pp-contact-form fl-node-601c852ac46bc\" data-node=\"601c852ac46bc\">\n<div class=\"fl-module-content fl-node-content\"><code class=\"dtl-library-shortcode\">[et_pb_section global_module=\"4779\"][\/et_pb_section]<\/code><\/div>\n<\/div>\n<\/div>\n<\/div>\n<\/div>\n<\/div>\n<p>[\/et_pb_accordion_item][et_pb_accordion_item title=&#8220;Zubeh\u00f6r&#8220; toggle_icon=&#8220;&#x33;||divi||400&#8243; _builder_version=&#8220;4.25.2&#8243; _module_preset=&#8220;default&#8220; hover_enabled=&#8220;0&#8243; global_colors_info=&#8220;{}&#8220; open=&#8220;off&#8220; sticky_enabled=&#8220;0&#8243;]<\/p>\n<p>Wenden Sie sich an uns, um Informationen \u00fcber das umfassende Dienstleistungsangebot von 2B Export zu erhalten.<\/p>\n<div class=\"fl-builder-content fl-builder-content-2301 fl-builder-template fl-builder-module-template fl-builder-global-templates-locked\" data-post-id=\"2301\">\n<div class=\"fl-module fl-module-pp-contact-form fl-node-601c852ac46bc\" data-node=\"601c852ac46bc\">\n<div class=\"fl-module-content fl-node-content\">\n<div class=\"fl-builder-content fl-builder-content-2301 fl-builder-template fl-builder-module-template fl-builder-global-templates-locked\" data-post-id=\"2301\">\n<div class=\"fl-module fl-module-pp-contact-form fl-node-601c852ac46bc\" data-node=\"601c852ac46bc\">\n<div class=\"fl-module-content fl-node-content\"><code class=\"dtl-library-shortcode\">[et_pb_section global_module=\"4779\"][\/et_pb_section]<\/code><\/div>\n<\/div>\n<\/div>\n<\/div>\n<\/div>\n<\/div>\n<p>[\/et_pb_accordion_item][et_pb_accordion_item title=&#8220;Heimtextilien Produkte&#8220; toggle_icon=&#8220;&#x33;||divi||400&#8243; _builder_version=&#8220;4.25.2&#8243; _module_preset=&#8220;default&#8220; hover_enabled=&#8220;0&#8243; global_colors_info=&#8220;{}&#8220; open=&#8220;off&#8220; sticky_enabled=&#8220;0&#8243;]<\/p>\n<p>Wenden Sie sich an uns, um Informationen \u00fcber das umfassende Dienstleistungsangebot von 2B Export zu erhalten.<\/p>\n<div class=\"fl-builder-content fl-builder-content-2301 fl-builder-template fl-builder-module-template fl-builder-global-templates-locked\" data-post-id=\"2301\">\n<div class=\"fl-module fl-module-pp-contact-form fl-node-601c852ac46bc\" data-node=\"601c852ac46bc\">\n<div class=\"fl-module-content fl-node-content\">\n<div class=\"fl-builder-content fl-builder-content-2301 fl-builder-template fl-builder-module-template fl-builder-global-templates-locked\" data-post-id=\"2301\">\n<div class=\"fl-module fl-module-pp-contact-form fl-node-601c852ac46bc\" data-node=\"601c852ac46bc\">\n<div class=\"fl-module-content fl-node-content\"><code class=\"dtl-library-shortcode\">[et_pb_section global_module=\"4779\"][\/et_pb_section]<\/code><\/div>\n<\/div>\n<\/div>\n<\/div>\n<\/div>\n<\/div>\n<p>[\/et_pb_accordion_item][et_pb_accordion_item title=&#8220;Professionelle Arbeitskleidung&#8220; toggle_icon=&#8220;&#x33;||divi||400&#8243; _builder_version=&#8220;4.25.2&#8243; _module_preset=&#8220;default&#8220; hover_enabled=&#8220;0&#8243; global_colors_info=&#8220;{}&#8220; open=&#8220;off&#8220; sticky_enabled=&#8220;0&#8243;]<\/p>\n<p>Wenden Sie sich an uns, um Informationen \u00fcber das umfassende Dienstleistungsangebot von 2B Export zu erhalten.<\/p>\n<div class=\"fl-builder-content fl-builder-content-2301 fl-builder-template fl-builder-module-template fl-builder-global-templates-locked\" data-post-id=\"2301\">\n<div class=\"fl-module fl-module-pp-contact-form fl-node-601c852ac46bc\" data-node=\"601c852ac46bc\">\n<div class=\"fl-module-content fl-node-content\">\n<div class=\"fl-builder-content fl-builder-content-2301 fl-builder-template fl-builder-module-template fl-builder-global-templates-locked\" data-post-id=\"2301\">\n<div class=\"fl-module fl-module-pp-contact-form fl-node-601c852ac46bc\" data-node=\"601c852ac46bc\">\n<div class=\"fl-module-content fl-node-content\"><code class=\"dtl-library-shortcode\">[et_pb_section global_module=\"4779\"][\/et_pb_section]<\/code><\/div>\n<\/div>\n<\/div>\n<\/div>\n<\/div>\n<\/div>\n<p>[\/et_pb_accordion_item][\/et_pb_accordion][\/et_pb_column][\/et_pb_row][\/et_pb_section]<\/p>\n","protected":false},"excerpt":{"rendered":"<p>Wenden Sie sich an uns, um Informationen \u00fcber das umfassende Dienstleistungsangebot von 2B Export zu erhalten. <div class=\"et_pb_section et_pb_section_0 et_section_regular\" >\n\t\t\t\t\n\t\t\t\t\n\t\t\t\t\n\t\t\t\t\n\t\t\t\t\n\t\t\t\t\n\t\t\t\t\n\t\t\t\t\n\t\t\t\t\n\t\t\t<\/div> Wenden Sie sich an uns, um Informationen \u00fcber das umfassende Dienstleistungsangebot von 2B Export zu erhalten. <div class=\"et_pb_section et_pb_section_1 et_section_regular\" >\n\t\t\t\t\n\t\t\t\t\n\t\t\t\t\n\t\t\t\t\n\t\t\t\t\n\t\t\t\t\n\t\t\t\t\n\t\t\t\t\n\t\t\t\t\n\t\t\t<\/div> Wenden Sie sich an uns, um Informationen \u00fcber das umfassende Dienstleistungsangebot von 2B Export zu erhalten. <div class=\"et_pb_section et_pb_section_2 et_section_regular\" >\n\t\t\t\t\n\t\t\t\t\n\t\t\t\t\n\t\t\t\t\n\t\t\t\t\n\t\t\t\t\n\t\t\t\t\n\t\t\t\t\n\t\t\t\t\n\t\t\t<\/div> Wenden [&hellip;]<\/p>\n","protected":false},"author":1,"featured_media":0,"parent":0,"menu_order":0,"comment_status":"closed","ping_status":"closed","template":"","meta":{"_acf_changed":false,"_et_pb_use_builder":"on","_et_pb_old_content":"","_et_gb_content_width":"","footnotes":""},"class_list":["post-7039","page","type-page","status-publish","hentry"],"acf":[],"yoast_head":"<!-- This site is optimized with the Yoast SEO plugin v27.4 - https:\/\/yoast.com\/product\/yoast-seo-wordpress\/ -->\n<title>Unsere Produkte - 2B Export<\/title>\n<meta name=\"robots\" content=\"index, follow, max-snippet:-1, max-image-preview:large, max-video-preview:-1\" \/>\n<link rel=\"canonical\" href=\"https:\/\/2bexport.com.tr\/de\/unsere-produkte\/\" \/>\n<meta property=\"og:locale\" content=\"de_DE\" \/>\n<meta property=\"og:type\" content=\"article\" \/>\n<meta property=\"og:title\" content=\"Unsere Produkte - 2B Export\" \/>\n<meta property=\"og:description\" content=\"Wenden Sie sich an uns, um Informationen \u00fcber das umfassende Dienstleistungsangebot von 2B Export zu erhalten. Wenden Sie sich an uns, um Informationen \u00fcber das umfassende Dienstleistungsangebot von 2B Export zu erhalten. Wenden Sie sich an uns, um Informationen \u00fcber das umfassende Dienstleistungsangebot von 2B Export zu erhalten. Wenden [&hellip;]\" \/>\n<meta property=\"og:url\" content=\"https:\/\/2bexport.com.tr\/de\/unsere-produkte\/\" \/>\n<meta property=\"og:site_name\" content=\"2B Export\" \/>\n<meta property=\"article:modified_time\" content=\"2024-08-26T16:54:17+00:00\" \/>\n<meta name=\"twitter:card\" content=\"summary_large_image\" \/>\n<meta name=\"twitter:label1\" content=\"Gesch\u00e4tzte Lesezeit\" \/>\n\t<meta name=\"twitter:data1\" content=\"3\u00a0Minuten\" \/>\n<script type=\"application\/ld+json\" class=\"yoast-schema-graph\">{\"@context\":\"https:\\\/\\\/schema.org\",\"@graph\":[{\"@type\":\"WebPage\",\"@id\":\"https:\\\/\\\/2bexport.com.tr\\\/de\\\/unsere-produkte\\\/\",\"url\":\"https:\\\/\\\/2bexport.com.tr\\\/de\\\/unsere-produkte\\\/\",\"name\":\"Unsere Produkte - 2B Export\",\"isPartOf\":{\"@id\":\"https:\\\/\\\/2bexport.com.tr\\\/de\\\/#website\"},\"datePublished\":\"2024-06-28T22:39:59+00:00\",\"dateModified\":\"2024-08-26T16:54:17+00:00\",\"breadcrumb\":{\"@id\":\"https:\\\/\\\/2bexport.com.tr\\\/de\\\/unsere-produkte\\\/#breadcrumb\"},\"inLanguage\":\"de\",\"potentialAction\":[{\"@type\":\"ReadAction\",\"target\":[\"https:\\\/\\\/2bexport.com.tr\\\/de\\\/unsere-produkte\\\/\"]}]},{\"@type\":\"BreadcrumbList\",\"@id\":\"https:\\\/\\\/2bexport.com.tr\\\/de\\\/unsere-produkte\\\/#breadcrumb\",\"itemListElement\":[{\"@type\":\"ListItem\",\"position\":1,\"name\":\"Anasayfa\",\"item\":\"https:\\\/\\\/2bexport.com.tr\\\/de\\\/startseite\\\/\"},{\"@type\":\"ListItem\",\"position\":2,\"name\":\"Unsere Produkte\"}]},{\"@type\":\"WebSite\",\"@id\":\"https:\\\/\\\/2bexport.com.tr\\\/de\\\/#website\",\"url\":\"https:\\\/\\\/2bexport.com.tr\\\/de\\\/\",\"name\":\"2B Export\",\"description\":\"2B Export\",\"potentialAction\":[{\"@type\":\"SearchAction\",\"target\":{\"@type\":\"EntryPoint\",\"urlTemplate\":\"https:\\\/\\\/2bexport.com.tr\\\/de\\\/?s={search_term_string}\"},\"query-input\":{\"@type\":\"PropertyValueSpecification\",\"valueRequired\":true,\"valueName\":\"search_term_string\"}}],\"inLanguage\":\"de\"}]}<\/script>\n<!-- \/ Yoast SEO plugin. -->","yoast_head_json":{"title":"Unsere Produkte - 2B Export","robots":{"index":"index","follow":"follow","max-snippet":"max-snippet:-1","max-image-preview":"max-image-preview:large","max-video-preview":"max-video-preview:-1"},"canonical":"https:\/\/2bexport.com.tr\/de\/unsere-produkte\/","og_locale":"de_DE","og_type":"article","og_title":"Unsere Produkte - 2B Export","og_description":"Wenden Sie sich an uns, um Informationen \u00fcber das umfassende Dienstleistungsangebot von 2B Export zu erhalten. Wenden Sie sich an uns, um Informationen \u00fcber das umfassende Dienstleistungsangebot von 2B Export zu erhalten. Wenden Sie sich an uns, um Informationen \u00fcber das umfassende Dienstleistungsangebot von 2B Export zu erhalten. Wenden [&hellip;]","og_url":"https:\/\/2bexport.com.tr\/de\/unsere-produkte\/","og_site_name":"2B Export","article_modified_time":"2024-08-26T16:54:17+00:00","twitter_card":"summary_large_image","twitter_misc":{"Gesch\u00e4tzte Lesezeit":"3\u00a0Minuten"},"schema":{"@context":"https:\/\/schema.org","@graph":[{"@type":"WebPage","@id":"https:\/\/2bexport.com.tr\/de\/unsere-produkte\/","url":"https:\/\/2bexport.com.tr\/de\/unsere-produkte\/","name":"Unsere Produkte - 2B Export","isPartOf":{"@id":"https:\/\/2bexport.com.tr\/de\/#website"},"datePublished":"2024-06-28T22:39:59+00:00","dateModified":"2024-08-26T16:54:17+00:00","breadcrumb":{"@id":"https:\/\/2bexport.com.tr\/de\/unsere-produkte\/#breadcrumb"},"inLanguage":"de","potentialAction":[{"@type":"ReadAction","target":["https:\/\/2bexport.com.tr\/de\/unsere-produkte\/"]}]},{"@type":"BreadcrumbList","@id":"https:\/\/2bexport.com.tr\/de\/unsere-produkte\/#breadcrumb","itemListElement":[{"@type":"ListItem","position":1,"name":"Anasayfa","item":"https:\/\/2bexport.com.tr\/de\/startseite\/"},{"@type":"ListItem","position":2,"name":"Unsere Produkte"}]},{"@type":"WebSite","@id":"https:\/\/2bexport.com.tr\/de\/#website","url":"https:\/\/2bexport.com.tr\/de\/","name":"2B Export","description":"2B Export","potentialAction":[{"@type":"SearchAction","target":{"@type":"EntryPoint","urlTemplate":"https:\/\/2bexport.com.tr\/de\/?s={search_term_string}"},"query-input":{"@type":"PropertyValueSpecification","valueRequired":true,"valueName":"search_term_string"}}],"inLanguage":"de"}]}},"_links":{"self":[{"href":"https:\/\/2bexport.com.tr\/de\/wp-json\/wp\/v2\/pages\/7039","targetHints":{"allow":["GET"]}}],"collection":[{"href":"https:\/\/2bexport.com.tr\/de\/wp-json\/wp\/v2\/pages"}],"about":[{"href":"https:\/\/2bexport.com.tr\/de\/wp-json\/wp\/v2\/types\/page"}],"author":[{"embeddable":true,"href":"https:\/\/2bexport.com.tr\/de\/wp-json\/wp\/v2\/users\/1"}],"replies":[{"embeddable":true,"href":"https:\/\/2bexport.com.tr\/de\/wp-json\/wp\/v2\/comments?post=7039"}],"version-history":[{"count":2,"href":"https:\/\/2bexport.com.tr\/de\/wp-json\/wp\/v2\/pages\/7039\/revisions"}],"predecessor-version":[{"id":7041,"href":"https:\/\/2bexport.com.tr\/de\/wp-json\/wp\/v2\/pages\/7039\/revisions\/7041"}],"wp:attachment":[{"href":"https:\/\/2bexport.com.tr\/de\/wp-json\/wp\/v2\/media?parent=7039"}],"curies":[{"name":"wp","href":"https:\/\/api.w.org\/{rel}","templated":true}]}}