{"id":7033,"date":"2024-06-28T22:39:49","date_gmt":"2024-06-28T22:39:49","guid":{"rendered":"https:\/\/2bexport.com.tr\/unsere-dienstleistungen\/"},"modified":"2024-08-26T16:50:01","modified_gmt":"2024-08-26T16:50:01","slug":"unsere-dienstleistungen","status":"publish","type":"page","link":"https:\/\/2bexport.com.tr\/de\/unsere-dienstleistungen\/","title":{"rendered":"Unsere Dienstleistungen"},"content":{"rendered":"<p>[et_pb_section fb_built=&#8220;1&#8243; _builder_version=&#8220;4.25.2&#8243; _module_preset=&#8220;default&#8220; use_background_color_gradient=&#8220;on&#8220; background_color_gradient_stops=&#8220;rgba(0,0,0,0.5) 0%|rgba(0,0,0,0.5) 100%&#8220; background_color_gradient_overlays_image=&#8220;on&#8220; background_image=&#8220;https:\/\/2bexport.com.tr\/wp-content\/uploads\/2024\/06\/resim4.jpg&#8220; height=&#8220;300px&#8220; hover_enabled=&#8220;0&#8243; custom_css_main_element=&#8220;display: flex;||align-items: center;||justify-content: center;&#8220; global_colors_info=&#8220;{}&#8220; custom_padding=&#8220;||||false|false&#8220; sticky_enabled=&#8220;0&#8243;][et_pb_row _builder_version=&#8220;4.25.2&#8243; _module_preset=&#8220;default&#8220; max_width=&#8220;none&#8220; hover_enabled=&#8220;0&#8243; global_colors_info=&#8220;{}&#8220; sticky_enabled=&#8220;0&#8243; custom_padding=&#8220;0px|0px|0px|0px|true|true&#8220;][et_pb_column type=&#8220;4_4&#8243; _builder_version=&#8220;4.25.2&#8243; _module_preset=&#8220;default&#8220; global_colors_info=&#8220;{}&#8220;][et_pb_text _builder_version=&#8220;4.25.2&#8243; _module_preset=&#8220;default&#8220; header_2_font=&#8220;Red Hat Display|700|||||||&#8220; header_2_text_align=&#8220;center&#8220; header_2_text_color=&#8220;#FFFFFF&#8220; header_2_font_size=&#8220;50px&#8220; header_2_line_height=&#8220;1.2em&#8220; custom_margin=&#8220;||-15px||false|false&#8220; animation_style=&#8220;slide&#8220; animation_direction=&#8220;bottom&#8220; animation_duration=&#8220;600ms&#8220; animation_intensity_slide=&#8220;10%&#8220; header_2_font_size_tablet=&#8220;25px&#8220; header_2_font_size_phone=&#8220;40px&#8220; header_2_font_size_last_edited=&#8220;on|phone&#8220; locked=&#8220;off&#8220; global_colors_info=&#8220;{}&#8220;]<\/p>\n<h2>Unsere Dienstleistungen<\/h2>\n<p>[\/et_pb_text][et_pb_text _builder_version=&#8220;4.25.2&#8243; _module_preset=&#8220;default&#8220; text_font=&#8220;Red Hat Display|600|||||||&#8220; text_text_color=&#8220;#FFFFFF&#8220; text_font_size=&#8220;15px&#8220; header_4_font=&#8220;Cabin|600|||||||&#8220; header_4_line_height=&#8220;1.2em&#8220; background_enable_color=&#8220;off&#8220; text_orientation=&#8220;center&#8220; width_last_edited=&#8220;off|phone&#8220; custom_padding=&#8220;16px|16px|12px|16px|false|true&#8220; animation_style=&#8220;slide&#8220; animation_direction=&#8220;bottom&#8220; animation_duration=&#8220;600ms&#8220; animation_delay=&#8220;200ms&#8220; animation_intensity_slide=&#8220;5%&#8220; header_4_font_size_tablet=&#8220;16px&#8220; header_4_font_size_last_edited=&#8220;off|desktop&#8220; border_radii=&#8220;off|||10px|10px&#8220; box_shadow_style=&#8220;preset3&#8243; box_shadow_vertical=&#8220;32px&#8220; box_shadow_blur=&#8220;88px&#8220; box_shadow_spread=&#8220;-10px&#8220; box_shadow_color=&#8220;rgba(37,39,89,0.1)&#8220; locked=&#8220;off&#8220; global_colors_info=&#8220;{}&#8220;]<\/p>\n<p>Unser Unternehmen hat sich zum Ziel gesetzt, unseren gesch\u00e4tzten Kunden mit seiner gro\u00dfen Erfahrung und seinem innovativen Ansatz im Textilsektor qualitativ hochwertige und stilvolle Produkte anzubieten. Jedes unserer Produkte wird mit dem Fokus auf Qualit\u00e4t und Kundenzufriedenheit entworfen und hergestellt. <\/p>\n<p>[\/et_pb_text][\/et_pb_column][\/et_pb_row][\/et_pb_section][et_pb_section fb_built=&#8220;1&#8243; admin_label=&#8220;Header&#8220; _builder_version=&#8220;4.16&#8243; _module_preset=&#8220;default&#8220; locked=&#8220;off&#8220; global_colors_info=&#8220;{}&#8220;][et_pb_row column_structure=&#8220;1_3,1_3,1_3&#8243; use_custom_gutter=&#8220;on&#8220; gutter_width=&#8220;2&#8243; _builder_version=&#8220;4.25.2&#8243; _module_preset=&#8220;default&#8220; custom_margin=&#8220;||30px||false|false&#8220; custom_padding=&#8220;0px||0px||true|false&#8220; locked=&#8220;off&#8220; global_colors_info=&#8220;{}&#8220;][et_pb_column type=&#8220;1_3&#8243; _builder_version=&#8220;4.25.2&#8243; _module_preset=&#8220;default&#8220; background_enable_color=&#8220;off&#8220; animation_style=&#8220;slide&#8220; animation_direction=&#8220;bottom&#8220; animation_duration=&#8220;600ms&#8220; animation_delay=&#8220;400ms&#8220; animation_intensity_slide=&#8220;5%&#8220; global_colors_info=&#8220;{}&#8220;][et_pb_image src=&#8220;https:\/\/2bexport.com.tr\/wp-content\/uploads\/2024\/06\/kumas-hammadde.jpg&#8220; title_text=&#8220;gewebe-rohmaterial&#8220; _builder_version=&#8220;4.25.2&#8243; _module_preset=&#8220;default&#8220; custom_margin=&#8220;||0px||false|false&#8220; border_radii=&#8220;off|10px|10px||&#8220; global_colors_info=&#8220;{}&#8220;][\/et_pb_image][et_pb_text _builder_version=&#8220;4.25.2&#8243; _module_preset=&#8220;default&#8220; text_font=&#8220;Red Hat Display|600|||||||&#8220; text_text_color=&#8220;rgba(0,44,95,0.5)&#8220; header_4_font=&#8220;Cabin|600|||||||&#8220; header_4_line_height=&#8220;1.2em&#8220; background_color=&#8220;#FFFFFF&#8220; custom_padding=&#8220;16px|16px|12px|16px|false|true&#8220; header_4_font_size_tablet=&#8220;16px&#8220; header_4_font_size_last_edited=&#8220;off|desktop&#8220; border_radii=&#8220;off|||10px|10px&#8220; box_shadow_style=&#8220;preset3&#8243; box_shadow_vertical=&#8220;32px&#8220; box_shadow_blur=&#8220;88px&#8220; box_shadow_spread=&#8220;-10px&#8220; box_shadow_color=&#8220;rgba(37,39,89,0.1)&#8220; global_colors_info=&#8220;{}&#8220;]<\/p>\n<h4>Gewebe  Rohstoffe<\/h4>\n<p>Wir f\u00fchren Materialrecherchen durch und w\u00e4hlen f\u00fcr jeden Kunden die bestm\u00f6glichen Stoffe, Texturen, Verarbeitungen und Accessoires aus.<\/p>\n<p>[\/et_pb_text][\/et_pb_column][et_pb_column type=&#8220;1_3&#8243; _builder_version=&#8220;4.25.2&#8243; _module_preset=&#8220;default&#8220; animation_style=&#8220;slide&#8220; animation_direction=&#8220;bottom&#8220; animation_duration=&#8220;600ms&#8220; animation_delay=&#8220;600ms&#8220; animation_intensity_slide=&#8220;5%&#8220; global_colors_info=&#8220;{}&#8220;][et_pb_image src=&#8220;https:\/\/2bexport.com.tr\/wp-content\/uploads\/2024\/06\/urun-tasarimi.jpg&#8220; title_text=&#8220;produktdesign&#8220; _builder_version=&#8220;4.25.2&#8243; _module_preset=&#8220;default&#8220; custom_margin=&#8220;||0px||false|false&#8220; border_radii=&#8220;off|10px|10px||&#8220; locked=&#8220;off&#8220; global_colors_info=&#8220;{}&#8220;][\/et_pb_image][et_pb_text _builder_version=&#8220;4.25.2&#8243; _module_preset=&#8220;default&#8220; text_font=&#8220;Red Hat Display|600|||||||&#8220; text_text_color=&#8220;rgba(0,44,95,0.5)&#8220; header_4_font=&#8220;Cabin|600|||||||&#8220; header_4_line_height=&#8220;1.2em&#8220; background_color=&#8220;#FFFFFF&#8220; custom_padding=&#8220;16px|16px|12px|16px|false|true&#8220; header_4_font_size_tablet=&#8220;16px&#8220; header_4_font_size_last_edited=&#8220;off|desktop&#8220; border_radii=&#8220;off|||10px|10px&#8220; box_shadow_style=&#8220;preset3&#8243; box_shadow_vertical=&#8220;32px&#8220; box_shadow_blur=&#8220;88px&#8220; box_shadow_spread=&#8220;-10px&#8220; box_shadow_color=&#8220;rgba(37,39,89,0.1)&#8220; global_colors_info=&#8220;{}&#8220;]<\/p>\n<h4>produktdesign<\/h4>\n<p>Mit unserem erfahrenen Designteam erwecken wir unsere eigene GO JAGO Kollektion zum Leben.<\/p>\n<p>[\/et_pb_text][\/et_pb_column][et_pb_column type=&#8220;1_3&#8243; _builder_version=&#8220;4.25.2&#8243; _module_preset=&#8220;default&#8220; animation_style=&#8220;slide&#8220; animation_direction=&#8220;bottom&#8220; animation_duration=&#8220;600ms&#8220; animation_delay=&#8220;800ms&#8220; animation_intensity_slide=&#8220;5%&#8220; global_colors_info=&#8220;{}&#8220;][et_pb_image src=&#8220;https:\/\/2bexport.com.tr\/wp-content\/uploads\/2024\/06\/urun-gelistirme1.jpg&#8220; title_text=&#8220;produktentwicklung&#8220; _builder_version=&#8220;4.25.2&#8243; _module_preset=&#8220;default&#8220; custom_margin=&#8220;||0px||false|false&#8220; border_radii=&#8220;off|10px|10px||&#8220; locked=&#8220;off&#8220; global_colors_info=&#8220;{}&#8220;][\/et_pb_image][et_pb_text _builder_version=&#8220;4.25.2&#8243; _module_preset=&#8220;default&#8220; text_font=&#8220;Red Hat Display|600|||||||&#8220; text_text_color=&#8220;rgba(0,44,95,0.5)&#8220; header_4_font=&#8220;Cabin|600|||||||&#8220; header_4_line_height=&#8220;1.2em&#8220; background_color=&#8220;#FFFFFF&#8220; custom_padding=&#8220;16px|16px|12px|16px|false|true&#8220; header_4_font_size_tablet=&#8220;16px&#8220; header_4_font_size_last_edited=&#8220;off|desktop&#8220; border_radii=&#8220;off|||10px|10px&#8220; box_shadow_style=&#8220;preset3&#8243; box_shadow_vertical=&#8220;32px&#8220; box_shadow_blur=&#8220;88px&#8220; box_shadow_spread=&#8220;-10px&#8220; box_shadow_color=&#8220;rgba(37,39,89,0.1)&#8220; global_colors_info=&#8220;{}&#8220;]<\/p>\n<h4>produktentwicklung<\/h4>\n<p>Mit unserer eigenen Entwicklungsabteilung, unseren Formexperten, dem Pr\u00e4zisionsprototypenbau und einem engagierten Team sind wir in jeder Phase der Produktentwicklung auf der H\u00f6he der Zeit.<\/p>\n<p>[\/et_pb_text][\/et_pb_column][\/et_pb_row][et_pb_row column_structure=&#8220;1_3,1_3,1_3&#8243; use_custom_gutter=&#8220;on&#8220; gutter_width=&#8220;2&#8243; _builder_version=&#8220;4.25.2&#8243; _module_preset=&#8220;default&#8220; custom_padding=&#8220;0px||0px||true|false&#8220; hover_enabled=&#8220;0&#8243; locked=&#8220;off&#8220; global_colors_info=&#8220;{}&#8220; sticky_enabled=&#8220;0&#8243;][et_pb_column type=&#8220;1_3&#8243; _builder_version=&#8220;4.25.2&#8243; _module_preset=&#8220;default&#8220; background_enable_color=&#8220;off&#8220; transform_translate=&#8220;175px|0px&#8220; transform_translate_linked=&#8220;off&#8220; animation_style=&#8220;slide&#8220; animation_direction=&#8220;bottom&#8220; animation_duration=&#8220;600ms&#8220; animation_delay=&#8220;1000ms&#8220; animation_intensity_slide=&#8220;5%&#8220; hover_enabled=&#8220;0&#8243; global_colors_info=&#8220;{}&#8220; transform_styles_last_edited=&#8220;on|phone&#8220; transform_scale_last_edited=&#8220;on|phone&#8220; transform_translate_last_edited=&#8220;on|phone&#8220; transform_rotate_last_edited=&#8220;on|phone&#8220; transform_skew_last_edited=&#8220;on|phone&#8220; transform_origin_last_edited=&#8220;on|phone&#8220; transform_translate_phone=&#8220;0px|0px&#8220; sticky_enabled=&#8220;0&#8243; transform_translate_tablet=&#8220;175px|0px&#8220;][et_pb_image src=&#8220;https:\/\/2bexport.com.tr\/wp-content\/uploads\/2024\/06\/uretim.jpg&#8220; title_text=&#8220;produktion&#8220; _builder_version=&#8220;4.25.2&#8243; _module_preset=&#8220;default&#8220; custom_margin=&#8220;||0px||false|false&#8220; border_radii=&#8220;off|10px|10px||&#8220; global_colors_info=&#8220;{}&#8220;][\/et_pb_image][et_pb_text _builder_version=&#8220;4.25.2&#8243; _module_preset=&#8220;default&#8220; text_font=&#8220;Red Hat Display|600|||||||&#8220; text_text_color=&#8220;rgba(0,44,95,0.5)&#8220; header_4_font=&#8220;Cabin|600|||||||&#8220; header_4_line_height=&#8220;1.2em&#8220; background_color=&#8220;#FFFFFF&#8220; custom_padding=&#8220;16px|16px|12px|16px|false|true&#8220; header_4_font_size_tablet=&#8220;16px&#8220; header_4_font_size_last_edited=&#8220;off|desktop&#8220; border_radii=&#8220;off|||10px|10px&#8220; box_shadow_style=&#8220;preset3&#8243; box_shadow_vertical=&#8220;32px&#8220; box_shadow_blur=&#8220;88px&#8220; box_shadow_spread=&#8220;-10px&#8220; box_shadow_color=&#8220;rgba(37,39,89,0.1)&#8220; global_colors_info=&#8220;{}&#8220;]<\/p>\n<h4>produktion<\/h4>\n<p>Wir kooperieren mit unseren globalen Fabriknetzwerken, mit denen wir partnerschaftlich zusammenarbeiten, und setzen dabei die Einhaltung von Umweltstandards voraus.<\/p>\n<p>[\/et_pb_text][\/et_pb_column][et_pb_column type=&#8220;1_3&#8243; _builder_version=&#8220;4.25.2&#8243; _module_preset=&#8220;default&#8220; animation_style=&#8220;slide&#8220; animation_direction=&#8220;bottom&#8220; animation_duration=&#8220;600ms&#8220; animation_delay=&#8220;1200ms&#8220; animation_intensity_slide=&#8220;5%&#8220; hover_enabled=&#8220;0&#8243; global_colors_info=&#8220;{}&#8220; sticky_enabled=&#8220;0&#8243; custom_css_main_element_last_edited=&#8220;on|phone&#8220; custom_css_main_element_phone=&#8220;display: none !important;&#8220;][\/et_pb_column][et_pb_column type=&#8220;1_3&#8243; _builder_version=&#8220;4.25.2&#8243; _module_preset=&#8220;default&#8220; transform_translate=&#8220;-175px|0px&#8220; transform_translate_linked=&#8220;off&#8220; animation_style=&#8220;slide&#8220; animation_direction=&#8220;bottom&#8220; animation_duration=&#8220;600ms&#8220; animation_delay=&#8220;1200ms&#8220; animation_intensity_slide=&#8220;5%&#8220; hover_enabled=&#8220;0&#8243; global_colors_info=&#8220;{}&#8220; sticky_enabled=&#8220;0&#8243; transform_styles_last_edited=&#8220;on|phone&#8220; transform_scale_last_edited=&#8220;on|phone&#8220; transform_translate_last_edited=&#8220;on|phone&#8220; transform_rotate_last_edited=&#8220;on|phone&#8220; transform_skew_last_edited=&#8220;on|phone&#8220; transform_origin_last_edited=&#8220;on|phone&#8220; transform_translate_phone=&#8220;0px|0px&#8220; transform_translate_tablet=&#8220;-175px|0px&#8220;][et_pb_image src=&#8220;https:\/\/2bexport.com.tr\/wp-content\/uploads\/2024\/06\/kalite2.jpg&#8220; title_text=&#8220;qualit\u00e4t&#8220; _builder_version=&#8220;4.25.2&#8243; _module_preset=&#8220;default&#8220; custom_margin=&#8220;||0px||false|false&#8220; border_radii=&#8220;off|10px|10px||&#8220; locked=&#8220;off&#8220; global_colors_info=&#8220;{}&#8220;][\/et_pb_image][et_pb_text _builder_version=&#8220;4.25.2&#8243; _module_preset=&#8220;default&#8220; text_font=&#8220;Red Hat Display|600|||||||&#8220; text_text_color=&#8220;rgba(0,44,95,0.5)&#8220; header_4_font=&#8220;Cabin|600|||||||&#8220; header_4_line_height=&#8220;1.2em&#8220; background_color=&#8220;#FFFFFF&#8220; custom_padding=&#8220;16px|16px|12px|16px|false|true&#8220; header_4_font_size_tablet=&#8220;16px&#8220; header_4_font_size_last_edited=&#8220;off|desktop&#8220; border_radii=&#8220;off|||10px|10px&#8220; box_shadow_style=&#8220;preset3&#8243; box_shadow_vertical=&#8220;32px&#8220; box_shadow_blur=&#8220;88px&#8220; box_shadow_spread=&#8220;-10px&#8220; box_shadow_color=&#8220;rgba(37,39,89,0.1)&#8220; global_colors_info=&#8220;{}&#8220;]<\/p>\n<h4>Qualit\u00e4t, Qualit\u00e4tssicherung und Compliance<\/h4>\n<p>die Inspektion entlang der Produktionslinie mit AQL-Systemen (Acceptance Quality Limit) ist einer unserer wichtigsten Prozesse.<\/p>\n<p>[\/et_pb_text][\/et_pb_column][\/et_pb_row][\/et_pb_section]<\/p>\n","protected":false},"excerpt":{"rendered":"<p>Unsere DienstleistungenUnser Unternehmen hat sich zum Ziel gesetzt, unseren gesch\u00e4tzten Kunden mit seiner gro\u00dfen Erfahrung und seinem innovativen Ansatz im Textilsektor qualitativ hochwertige und stilvolle Produkte anzubieten. Jedes unserer Produkte wird mit dem Fokus auf Qualit\u00e4t und Kundenzufriedenheit entworfen und hergestellt. Gewebe Rohstoffe Wir f\u00fchren Materialrecherchen durch und w\u00e4hlen f\u00fcr jeden Kunden die bestm\u00f6glichen Stoffe, [&hellip;]<\/p>\n","protected":false},"author":1,"featured_media":0,"parent":0,"menu_order":0,"comment_status":"closed","ping_status":"closed","template":"","meta":{"_acf_changed":false,"_et_pb_use_builder":"on","_et_pb_old_content":"","_et_gb_content_width":"","footnotes":""},"class_list":["post-7033","page","type-page","status-publish","hentry"],"acf":[],"yoast_head":"<!-- This site is optimized with the Yoast SEO plugin v27.4 - https:\/\/yoast.com\/product\/yoast-seo-wordpress\/ -->\n<title>Unsere Dienstleistungen - 2B Export<\/title>\n<meta name=\"robots\" content=\"index, follow, max-snippet:-1, max-image-preview:large, max-video-preview:-1\" \/>\n<link rel=\"canonical\" href=\"https:\/\/2bexport.com.tr\/de\/unsere-dienstleistungen\/\" \/>\n<meta property=\"og:locale\" content=\"de_DE\" \/>\n<meta property=\"og:type\" content=\"article\" \/>\n<meta property=\"og:title\" content=\"Unsere Dienstleistungen - 2B Export\" \/>\n<meta property=\"og:description\" content=\"Unsere DienstleistungenUnser Unternehmen hat sich zum Ziel gesetzt, unseren gesch\u00e4tzten Kunden mit seiner gro\u00dfen Erfahrung und seinem innovativen Ansatz im Textilsektor qualitativ hochwertige und stilvolle Produkte anzubieten. Jedes unserer Produkte wird mit dem Fokus auf Qualit\u00e4t und Kundenzufriedenheit entworfen und hergestellt. Gewebe Rohstoffe Wir f\u00fchren Materialrecherchen durch und w\u00e4hlen f\u00fcr jeden Kunden die bestm\u00f6glichen Stoffe, [&hellip;]\" \/>\n<meta property=\"og:url\" content=\"https:\/\/2bexport.com.tr\/de\/unsere-dienstleistungen\/\" \/>\n<meta property=\"og:site_name\" content=\"2B Export\" \/>\n<meta property=\"article:modified_time\" content=\"2024-08-26T16:50:01+00:00\" \/>\n<meta name=\"twitter:card\" content=\"summary_large_image\" \/>\n<meta name=\"twitter:label1\" content=\"Gesch\u00e4tzte Lesezeit\" \/>\n\t<meta name=\"twitter:data1\" content=\"7\u00a0Minuten\" \/>\n<script type=\"application\/ld+json\" class=\"yoast-schema-graph\">{\"@context\":\"https:\\\/\\\/schema.org\",\"@graph\":[{\"@type\":\"WebPage\",\"@id\":\"https:\\\/\\\/2bexport.com.tr\\\/de\\\/unsere-dienstleistungen\\\/\",\"url\":\"https:\\\/\\\/2bexport.com.tr\\\/de\\\/unsere-dienstleistungen\\\/\",\"name\":\"Unsere Dienstleistungen - 2B Export\",\"isPartOf\":{\"@id\":\"https:\\\/\\\/2bexport.com.tr\\\/de\\\/#website\"},\"datePublished\":\"2024-06-28T22:39:49+00:00\",\"dateModified\":\"2024-08-26T16:50:01+00:00\",\"breadcrumb\":{\"@id\":\"https:\\\/\\\/2bexport.com.tr\\\/de\\\/unsere-dienstleistungen\\\/#breadcrumb\"},\"inLanguage\":\"de\",\"potentialAction\":[{\"@type\":\"ReadAction\",\"target\":[\"https:\\\/\\\/2bexport.com.tr\\\/de\\\/unsere-dienstleistungen\\\/\"]}]},{\"@type\":\"BreadcrumbList\",\"@id\":\"https:\\\/\\\/2bexport.com.tr\\\/de\\\/unsere-dienstleistungen\\\/#breadcrumb\",\"itemListElement\":[{\"@type\":\"ListItem\",\"position\":1,\"name\":\"Anasayfa\",\"item\":\"https:\\\/\\\/2bexport.com.tr\\\/de\\\/startseite\\\/\"},{\"@type\":\"ListItem\",\"position\":2,\"name\":\"Unsere Dienstleistungen\"}]},{\"@type\":\"WebSite\",\"@id\":\"https:\\\/\\\/2bexport.com.tr\\\/de\\\/#website\",\"url\":\"https:\\\/\\\/2bexport.com.tr\\\/de\\\/\",\"name\":\"2B Export\",\"description\":\"2B Export\",\"potentialAction\":[{\"@type\":\"SearchAction\",\"target\":{\"@type\":\"EntryPoint\",\"urlTemplate\":\"https:\\\/\\\/2bexport.com.tr\\\/de\\\/?s={search_term_string}\"},\"query-input\":{\"@type\":\"PropertyValueSpecification\",\"valueRequired\":true,\"valueName\":\"search_term_string\"}}],\"inLanguage\":\"de\"}]}<\/script>\n<!-- \/ Yoast SEO plugin. -->","yoast_head_json":{"title":"Unsere Dienstleistungen - 2B Export","robots":{"index":"index","follow":"follow","max-snippet":"max-snippet:-1","max-image-preview":"max-image-preview:large","max-video-preview":"max-video-preview:-1"},"canonical":"https:\/\/2bexport.com.tr\/de\/unsere-dienstleistungen\/","og_locale":"de_DE","og_type":"article","og_title":"Unsere Dienstleistungen - 2B Export","og_description":"Unsere DienstleistungenUnser Unternehmen hat sich zum Ziel gesetzt, unseren gesch\u00e4tzten Kunden mit seiner gro\u00dfen Erfahrung und seinem innovativen Ansatz im Textilsektor qualitativ hochwertige und stilvolle Produkte anzubieten. Jedes unserer Produkte wird mit dem Fokus auf Qualit\u00e4t und Kundenzufriedenheit entworfen und hergestellt. Gewebe Rohstoffe Wir f\u00fchren Materialrecherchen durch und w\u00e4hlen f\u00fcr jeden Kunden die bestm\u00f6glichen Stoffe, [&hellip;]","og_url":"https:\/\/2bexport.com.tr\/de\/unsere-dienstleistungen\/","og_site_name":"2B Export","article_modified_time":"2024-08-26T16:50:01+00:00","twitter_card":"summary_large_image","twitter_misc":{"Gesch\u00e4tzte Lesezeit":"7\u00a0Minuten"},"schema":{"@context":"https:\/\/schema.org","@graph":[{"@type":"WebPage","@id":"https:\/\/2bexport.com.tr\/de\/unsere-dienstleistungen\/","url":"https:\/\/2bexport.com.tr\/de\/unsere-dienstleistungen\/","name":"Unsere Dienstleistungen - 2B Export","isPartOf":{"@id":"https:\/\/2bexport.com.tr\/de\/#website"},"datePublished":"2024-06-28T22:39:49+00:00","dateModified":"2024-08-26T16:50:01+00:00","breadcrumb":{"@id":"https:\/\/2bexport.com.tr\/de\/unsere-dienstleistungen\/#breadcrumb"},"inLanguage":"de","potentialAction":[{"@type":"ReadAction","target":["https:\/\/2bexport.com.tr\/de\/unsere-dienstleistungen\/"]}]},{"@type":"BreadcrumbList","@id":"https:\/\/2bexport.com.tr\/de\/unsere-dienstleistungen\/#breadcrumb","itemListElement":[{"@type":"ListItem","position":1,"name":"Anasayfa","item":"https:\/\/2bexport.com.tr\/de\/startseite\/"},{"@type":"ListItem","position":2,"name":"Unsere Dienstleistungen"}]},{"@type":"WebSite","@id":"https:\/\/2bexport.com.tr\/de\/#website","url":"https:\/\/2bexport.com.tr\/de\/","name":"2B Export","description":"2B Export","potentialAction":[{"@type":"SearchAction","target":{"@type":"EntryPoint","urlTemplate":"https:\/\/2bexport.com.tr\/de\/?s={search_term_string}"},"query-input":{"@type":"PropertyValueSpecification","valueRequired":true,"valueName":"search_term_string"}}],"inLanguage":"de"}]}},"_links":{"self":[{"href":"https:\/\/2bexport.com.tr\/de\/wp-json\/wp\/v2\/pages\/7033","targetHints":{"allow":["GET"]}}],"collection":[{"href":"https:\/\/2bexport.com.tr\/de\/wp-json\/wp\/v2\/pages"}],"about":[{"href":"https:\/\/2bexport.com.tr\/de\/wp-json\/wp\/v2\/types\/page"}],"author":[{"embeddable":true,"href":"https:\/\/2bexport.com.tr\/de\/wp-json\/wp\/v2\/users\/1"}],"replies":[{"embeddable":true,"href":"https:\/\/2bexport.com.tr\/de\/wp-json\/wp\/v2\/comments?post=7033"}],"version-history":[{"count":2,"href":"https:\/\/2bexport.com.tr\/de\/wp-json\/wp\/v2\/pages\/7033\/revisions"}],"predecessor-version":[{"id":7035,"href":"https:\/\/2bexport.com.tr\/de\/wp-json\/wp\/v2\/pages\/7033\/revisions\/7035"}],"wp:attachment":[{"href":"https:\/\/2bexport.com.tr\/de\/wp-json\/wp\/v2\/media?parent=7033"}],"curies":[{"name":"wp","href":"https:\/\/api.w.org\/{rel}","templated":true}]}}