{"id":7030,"date":"2024-06-28T22:39:38","date_gmt":"2024-06-28T22:39:38","guid":{"rendered":"https:\/\/2bexport.com.tr\/ueber-uns\/"},"modified":"2024-08-26T16:46:51","modified_gmt":"2024-08-26T16:46:51","slug":"ueber-uns","status":"publish","type":"page","link":"https:\/\/2bexport.com.tr\/de\/ueber-uns\/","title":{"rendered":"\u00dcber uns"},"content":{"rendered":"<p>[et_pb_section fb_built=&#8220;1&#8243; admin_label=&#8220;Header&#8220; _builder_version=&#8220;4.25.2&#8243; _module_preset=&#8220;default&#8220; use_background_color_gradient=&#8220;on&#8220; background_color_gradient_stops=&#8220;rgba(0,0,0,0.5) 0%|rgba(0,0,0,0.5) 100%&#8220; background_color_gradient_overlays_image=&#8220;on&#8220; background_image=&#8220;https:\/\/2bexport.com.tr\/wp-content\/uploads\/2024\/07\/resim.jpg&#8220; background_position=&#8220;top_center&#8220; background_vertical_offset=&#8220;45%&#8220; height=&#8220;300px&#8220; custom_padding=&#8220;8vw||8vw||true|false&#8220; custom_css_main_element=&#8220;display: flex;||align-items: center;||justify-content: center;&#8220; locked=&#8220;off&#8220; global_colors_info=&#8220;{}&#8220;][et_pb_row custom_padding_last_edited=&#8220;on|phone&#8220; _builder_version=&#8220;4.25.2&#8243; _module_preset=&#8220;default&#8220; height=&#8220;300px&#8220; custom_margin=&#8220;0px|0px|0px|0px|true|true&#8220; custom_padding=&#8220;||||false|false&#8220; custom_padding_tablet=&#8220;||||false|false&#8220; custom_padding_phone=&#8220;60px||0px||false|false&#8220; custom_css_main_element=&#8220;display: flex;||align-items: center;&#8220; global_colors_info=&#8220;{}&#8220;][et_pb_column type=&#8220;4_4&#8243; _builder_version=&#8220;4.16&#8243; _module_preset=&#8220;default&#8220; global_colors_info=&#8220;{}&#8220;][et_pb_text _builder_version=&#8220;4.25.2&#8243; _module_preset=&#8220;default&#8220; header_font=&#8220;Red Hat Display|700|||||||&#8220; header_text_align=&#8220;center&#8220; header_text_color=&#8220;#FFFFFF&#8220; header_font_size=&#8220;50px&#8220; header_line_height=&#8220;1.2em&#8220; custom_margin=&#8220;||0px||false|false&#8220; animation_style=&#8220;slide&#8220; animation_direction=&#8220;bottom&#8220; animation_duration=&#8220;600ms&#8220; animation_intensity_slide=&#8220;5%&#8220; header_font_size_tablet=&#8220;25px&#8220; header_font_size_phone=&#8220;30px&#8220; header_font_size_last_edited=&#8220;on|desktop&#8220; locked=&#8220;off&#8220; global_colors_info=&#8220;{}&#8220;]<\/p>\n<h1>Wer sind wir?<\/h1>\n<p>[\/et_pb_text][et_pb_text _builder_version=&#8220;4.25.2&#8243; _module_preset=&#8220;default&#8220; text_font=&#8220;Cabin||||||||&#8220; text_text_color=&#8220;#FFFFFF&#8220; text_font_size=&#8220;16px&#8220; text_line_height=&#8220;1.5em&#8220; text_orientation=&#8220;center&#8220; custom_margin=&#8220;||15px||false|false&#8220; custom_padding=&#8220;||1px||false|false&#8220; animation_style=&#8220;slide&#8220; animation_direction=&#8220;bottom&#8220; animation_duration=&#8220;600ms&#8220; animation_delay=&#8220;200ms&#8220; animation_intensity_slide=&#8220;10%&#8220; locked=&#8220;off&#8220; global_colors_info=&#8220;{}&#8220;]<\/p>\n<p><span>Textilien sind eine Inspiration. Unsere Bekanntschaft mit der Textilbranche begann 1993. Die Inspiration, die wir von diesem Sektor, der st\u00e4ndig in Bewegung ist, erhalten haben, haben wir mit unserem 2013 gegr\u00fcndeten Familienunternehmen verst\u00e4rkt. Wir haben uns das Prinzip zu eigen gemacht, die globale Bekleidungsproduktion zu begleiten, indem wir sowohl Produktions- als auch Beratungsdienstleistungen anbieten.   <\/span><\/p>\n<p>[\/et_pb_text][\/et_pb_column][\/et_pb_row][\/et_pb_section][et_pb_section fb_built=&#8220;1&#8243; admin_label=&#8220;About&#8220; _builder_version=&#8220;4.16&#8243; _module_preset=&#8220;default&#8220; custom_padding=&#8220;1px||||false|false&#8220; global_colors_info=&#8220;{}&#8220;][et_pb_row _builder_version=&#8220;4.25.2&#8243; _module_preset=&#8220;default&#8220; custom_margin=&#8220;||||false|false&#8220; custom_margin_tablet=&#8220;-10vw||||false|false&#8220; custom_margin_phone=&#8220;0vw||||false|false&#8220; custom_margin_last_edited=&#8220;off|desktop&#8220; global_colors_info=&#8220;{}&#8220;][et_pb_column type=&#8220;4_4&#8243; _builder_version=&#8220;4.16&#8243; _module_preset=&#8220;default&#8220; global_colors_info=&#8220;{}&#8220;][et_pb_video src=&#8220;https:\/\/2bexport.com.tr\/wp-content\/uploads\/2024\/06\/video1.mp4&#8243; image_src=&#8220;https:\/\/2bexport.com.tr\/wp-content\/uploads\/2024\/06\/art-therapist-07.jpg&#8220; _builder_version=&#8220;4.27.0&#8243; _module_preset=&#8220;default&#8220; animation_style=&#8220;slide&#8220; animation_direction=&#8220;bottom&#8220; animation_duration=&#8220;600ms&#8220; animation_delay=&#8220;400ms&#8220; animation_intensity_slide=&#8220;2.5%&#8220; hover_enabled=&#8220;0&#8243; border_radii=&#8220;on|5px|5px|5px|5px&#8220; global_colors_info=&#8220;{}&#8220; sticky_enabled=&#8220;0&#8243;][\/et_pb_video][\/et_pb_column][\/et_pb_row][et_pb_row column_structure=&#8220;1_2,1_2&#8243; _builder_version=&#8220;4.25.2&#8243; _module_preset=&#8220;default&#8220; global_colors_info=&#8220;{}&#8220;][et_pb_column type=&#8220;1_2&#8243; _builder_version=&#8220;4.16&#8243; _module_preset=&#8220;default&#8220; global_colors_info=&#8220;{}&#8220;][et_pb_text _builder_version=&#8220;4.25.2&#8243; _module_preset=&#8220;default&#8220; header_3_font=&#8220;Red Hat Display|700|||||||&#8220; header_3_text_color=&#8220;#000000&#8243; header_3_font_size=&#8220;30px&#8220; header_3_line_height=&#8220;1.2em&#8220; custom_margin=&#8220;||0px||false|false&#8220; animation_style=&#8220;slide&#8220; animation_direction=&#8220;bottom&#8220; animation_duration=&#8220;600ms&#8220; animation_intensity_slide=&#8220;10%&#8220; header_3_font_size_tablet=&#8220;25px&#8220; header_3_font_size_phone=&#8220;30px&#8220; header_3_font_size_last_edited=&#8220;on|desktop&#8220; locked=&#8220;off&#8220; global_colors_info=&#8220;{}&#8220;]<\/p>\n<h3>Wer sind wir?<\/h3>\n<p>[\/et_pb_text][et_pb_text _builder_version=&#8220;4.25.2&#8243; _module_preset=&#8220;default&#8220; text_line_height=&#8220;2em&#8220; custom_margin=&#8220;||15px||false|false&#8220; custom_padding=&#8220;||||false|false&#8220; animation_style=&#8220;slide&#8220; animation_direction=&#8220;bottom&#8220; animation_duration=&#8220;600ms&#8220; animation_delay=&#8220;200ms&#8220; animation_intensity_slide=&#8220;5%&#8220; locked=&#8220;off&#8220; global_colors_info=&#8220;{}&#8220;]<\/p>\n<p><span>Textilien sind eine Inspiration. Unsere Bekanntschaft mit der Textilbranche begann 1993. Die Inspiration, die wir von diesem Sektor, der st\u00e4ndig in Bewegung ist, erhalten haben, haben wir mit unserem 2013 gegr\u00fcndeten Familienunternehmen verst\u00e4rkt. Wir haben uns das Prinzip zu eigen gemacht, die globale Bekleidungsproduktion zu begleiten, indem wir sowohl Produktions- als auch Beratungsdienstleistungen anbieten.   <\/span><\/p>\n<p>[\/et_pb_text][et_pb_text _builder_version=&#8220;4.25.2&#8243; _module_preset=&#8220;default&#8220; text_line_height=&#8220;2em&#8220; animation_style=&#8220;slide&#8220; animation_direction=&#8220;bottom&#8220; animation_duration=&#8220;600ms&#8220; animation_delay=&#8220;400ms&#8220; animation_intensity_slide=&#8220;5%&#8220; locked=&#8220;off&#8220; global_colors_info=&#8220;{}&#8220;]<\/p>\n<p>Wir haben es uns zur Leidenschaft gemacht, die Segnungen der Natur in Texturen umzuwandeln, sie mit Farben zu vermischen und sie in die Existenz einzubinden, ihnen eine Richtung zu geben und sie zu pr\u00e4sentieren. Unser Erfolg ist das Ergebnis der Fortsetzung unseres Weges, indem wir geduldig lernen, das Gelernte mit Herz f\u00fcttern, es mit Logik vermischen und angemessene L\u00f6sungen anbieten, ohne von Prinzipien und Ehrlichkeit abzuweichen. <\/p>\n<p>[\/et_pb_text][\/et_pb_column][et_pb_column type=&#8220;1_2&#8243; _builder_version=&#8220;4.16&#8243; _module_preset=&#8220;default&#8220; global_colors_info=&#8220;{}&#8220;][et_pb_text _builder_version=&#8220;4.25.2&#8243; _module_preset=&#8220;default&#8220; header_3_font=&#8220;Red Hat Display|700|||||||&#8220; header_3_text_color=&#8220;#000000&#8243; header_3_font_size=&#8220;30px&#8220; header_3_line_height=&#8220;1.2em&#8220; custom_margin=&#8220;||0px||false|false&#8220; animation_style=&#8220;slide&#8220; animation_direction=&#8220;bottom&#8220; animation_duration=&#8220;600ms&#8220; animation_intensity_slide=&#8220;10%&#8220; header_3_font_size_tablet=&#8220;25px&#8220; header_3_font_size_phone=&#8220;30px&#8220; header_3_font_size_last_edited=&#8220;on|desktop&#8220; locked=&#8220;off&#8220; global_colors_info=&#8220;{}&#8220;]<\/p>\n<h3>Unsere Werturteile<\/h3>\n<p>[\/et_pb_text][et_pb_text _builder_version=&#8220;4.25.2&#8243; _module_preset=&#8220;default&#8220; text_line_height=&#8220;2em&#8220; custom_margin=&#8220;||15px||false|false&#8220; custom_padding=&#8220;||||false|false&#8220; animation_style=&#8220;slide&#8220; animation_direction=&#8220;bottom&#8220; animation_duration=&#8220;600ms&#8220; animation_delay=&#8220;800ms&#8220; animation_intensity_slide=&#8220;5%&#8220; locked=&#8220;off&#8220; global_colors_info=&#8220;{}&#8220;]<\/p>\n<div class=\"et_pb_module et_pb_text et_pb_text_3 et_pb_text_align_left et_pb_bg_layout_light et_had_animation\">\n<div class=\"et_pb_text_inner\">\n<p>Unsere Priorit\u00e4t ist die Nachhaltigkeit und Wandlungsf\u00e4higkeit einer mit der Natur verflochtenen Welt. Auf dieser Grundlage sichern wir den Fortbestand der globalen Bekleidungsindustrie, indem wir nie vergessen, wie wichtig es ist, in jedem Teil unseres K\u00f6rpers zu atmen. <\/p>\n<\/div>\n<\/div>\n<div class=\"et_pb_module et_pb_text et_pb_text_4 et_pb_text_align_left et_pb_bg_layout_light et_had_animation\">\n<div class=\"et_pb_text_inner\"><\/div>\n<\/div>\n<p>[\/et_pb_text][et_pb_text _builder_version=&#8220;4.25.2&#8243; _module_preset=&#8220;default&#8220; text_line_height=&#8220;2em&#8220; animation_style=&#8220;slide&#8220; animation_direction=&#8220;bottom&#8220; animation_duration=&#8220;600ms&#8220; animation_delay=&#8220;1000ms&#8220; animation_intensity_slide=&#8220;5%&#8220; locked=&#8220;off&#8220; global_colors_info=&#8220;{}&#8220;]<\/p>\n<p>Zu diesem Zweck investieren wir in die genaue Beobachtung und Auswertung aktiver Marktdaten. Jede Idee, die wir machen und schaffen, erfordert Technik und Kreativit\u00e4t. Dienst nach Vorschrift ist unser Segen. Unser Prinzip ist es, durch kollektives Denken unseren Kunden schnell die am besten geeigneten L\u00f6sungen anzubieten und ihnen zu einem Wettbewerbsvorteil zu verhelfen.   <\/p>\n<p>[\/et_pb_text][\/et_pb_column][\/et_pb_row][\/et_pb_section]<\/p>\n","protected":false},"excerpt":{"rendered":"<p>Wer sind wir?Textilien sind eine Inspiration. Unsere Bekanntschaft mit der Textilbranche begann 1993. Die Inspiration, die wir von diesem Sektor, der st\u00e4ndig in Bewegung ist, erhalten haben, haben wir mit unserem 2013 gegr\u00fcndeten Familienunternehmen verst\u00e4rkt. Wir haben uns das Prinzip zu eigen gemacht, die globale Bekleidungsproduktion zu begleiten, indem wir sowohl Produktions- als auch Beratungsdienstleistungen [&hellip;]<\/p>\n","protected":false},"author":1,"featured_media":0,"parent":0,"menu_order":0,"comment_status":"closed","ping_status":"closed","template":"","meta":{"_acf_changed":false,"_et_pb_use_builder":"on","_et_pb_old_content":"","_et_gb_content_width":"","footnotes":""},"class_list":["post-7030","page","type-page","status-publish","hentry"],"acf":[],"yoast_head":"<!-- This site is optimized with the Yoast SEO plugin v27.4 - https:\/\/yoast.com\/product\/yoast-seo-wordpress\/ -->\n<title>\u00dcber uns - 2B Export<\/title>\n<meta name=\"robots\" content=\"index, follow, max-snippet:-1, max-image-preview:large, max-video-preview:-1\" \/>\n<link rel=\"canonical\" href=\"https:\/\/2bexport.com.tr\/de\/ueber-uns\/\" \/>\n<meta property=\"og:locale\" content=\"de_DE\" \/>\n<meta property=\"og:type\" content=\"article\" \/>\n<meta property=\"og:title\" content=\"\u00dcber uns - 2B Export\" \/>\n<meta property=\"og:description\" content=\"Wer sind wir?Textilien sind eine Inspiration. Unsere Bekanntschaft mit der Textilbranche begann 1993. Die Inspiration, die wir von diesem Sektor, der st\u00e4ndig in Bewegung ist, erhalten haben, haben wir mit unserem 2013 gegr\u00fcndeten Familienunternehmen verst\u00e4rkt. Wir haben uns das Prinzip zu eigen gemacht, die globale Bekleidungsproduktion zu begleiten, indem wir sowohl Produktions- als auch Beratungsdienstleistungen [&hellip;]\" \/>\n<meta property=\"og:url\" content=\"https:\/\/2bexport.com.tr\/de\/ueber-uns\/\" \/>\n<meta property=\"og:site_name\" content=\"2B Export\" \/>\n<meta property=\"article:modified_time\" content=\"2024-08-26T16:46:51+00:00\" \/>\n<meta name=\"twitter:card\" content=\"summary_large_image\" \/>\n<meta name=\"twitter:label1\" content=\"Gesch\u00e4tzte Lesezeit\" \/>\n\t<meta name=\"twitter:data1\" content=\"5\u00a0Minuten\" \/>\n<script type=\"application\/ld+json\" class=\"yoast-schema-graph\">{\"@context\":\"https:\\\/\\\/schema.org\",\"@graph\":[{\"@type\":\"WebPage\",\"@id\":\"https:\\\/\\\/2bexport.com.tr\\\/de\\\/ueber-uns\\\/\",\"url\":\"https:\\\/\\\/2bexport.com.tr\\\/de\\\/ueber-uns\\\/\",\"name\":\"\u00dcber uns - 2B Export\",\"isPartOf\":{\"@id\":\"https:\\\/\\\/2bexport.com.tr\\\/de\\\/#website\"},\"datePublished\":\"2024-06-28T22:39:38+00:00\",\"dateModified\":\"2024-08-26T16:46:51+00:00\",\"breadcrumb\":{\"@id\":\"https:\\\/\\\/2bexport.com.tr\\\/de\\\/ueber-uns\\\/#breadcrumb\"},\"inLanguage\":\"de\",\"potentialAction\":[{\"@type\":\"ReadAction\",\"target\":[\"https:\\\/\\\/2bexport.com.tr\\\/de\\\/ueber-uns\\\/\"]}]},{\"@type\":\"BreadcrumbList\",\"@id\":\"https:\\\/\\\/2bexport.com.tr\\\/de\\\/ueber-uns\\\/#breadcrumb\",\"itemListElement\":[{\"@type\":\"ListItem\",\"position\":1,\"name\":\"Anasayfa\",\"item\":\"https:\\\/\\\/2bexport.com.tr\\\/de\\\/startseite\\\/\"},{\"@type\":\"ListItem\",\"position\":2,\"name\":\"\u00dcber uns\"}]},{\"@type\":\"WebSite\",\"@id\":\"https:\\\/\\\/2bexport.com.tr\\\/de\\\/#website\",\"url\":\"https:\\\/\\\/2bexport.com.tr\\\/de\\\/\",\"name\":\"2B Export\",\"description\":\"2B Export\",\"potentialAction\":[{\"@type\":\"SearchAction\",\"target\":{\"@type\":\"EntryPoint\",\"urlTemplate\":\"https:\\\/\\\/2bexport.com.tr\\\/de\\\/?s={search_term_string}\"},\"query-input\":{\"@type\":\"PropertyValueSpecification\",\"valueRequired\":true,\"valueName\":\"search_term_string\"}}],\"inLanguage\":\"de\"}]}<\/script>\n<!-- \/ Yoast SEO plugin. -->","yoast_head_json":{"title":"\u00dcber uns - 2B Export","robots":{"index":"index","follow":"follow","max-snippet":"max-snippet:-1","max-image-preview":"max-image-preview:large","max-video-preview":"max-video-preview:-1"},"canonical":"https:\/\/2bexport.com.tr\/de\/ueber-uns\/","og_locale":"de_DE","og_type":"article","og_title":"\u00dcber uns - 2B Export","og_description":"Wer sind wir?Textilien sind eine Inspiration. Unsere Bekanntschaft mit der Textilbranche begann 1993. Die Inspiration, die wir von diesem Sektor, der st\u00e4ndig in Bewegung ist, erhalten haben, haben wir mit unserem 2013 gegr\u00fcndeten Familienunternehmen verst\u00e4rkt. Wir haben uns das Prinzip zu eigen gemacht, die globale Bekleidungsproduktion zu begleiten, indem wir sowohl Produktions- als auch Beratungsdienstleistungen [&hellip;]","og_url":"https:\/\/2bexport.com.tr\/de\/ueber-uns\/","og_site_name":"2B Export","article_modified_time":"2024-08-26T16:46:51+00:00","twitter_card":"summary_large_image","twitter_misc":{"Gesch\u00e4tzte Lesezeit":"5\u00a0Minuten"},"schema":{"@context":"https:\/\/schema.org","@graph":[{"@type":"WebPage","@id":"https:\/\/2bexport.com.tr\/de\/ueber-uns\/","url":"https:\/\/2bexport.com.tr\/de\/ueber-uns\/","name":"\u00dcber uns - 2B Export","isPartOf":{"@id":"https:\/\/2bexport.com.tr\/de\/#website"},"datePublished":"2024-06-28T22:39:38+00:00","dateModified":"2024-08-26T16:46:51+00:00","breadcrumb":{"@id":"https:\/\/2bexport.com.tr\/de\/ueber-uns\/#breadcrumb"},"inLanguage":"de","potentialAction":[{"@type":"ReadAction","target":["https:\/\/2bexport.com.tr\/de\/ueber-uns\/"]}]},{"@type":"BreadcrumbList","@id":"https:\/\/2bexport.com.tr\/de\/ueber-uns\/#breadcrumb","itemListElement":[{"@type":"ListItem","position":1,"name":"Anasayfa","item":"https:\/\/2bexport.com.tr\/de\/startseite\/"},{"@type":"ListItem","position":2,"name":"\u00dcber uns"}]},{"@type":"WebSite","@id":"https:\/\/2bexport.com.tr\/de\/#website","url":"https:\/\/2bexport.com.tr\/de\/","name":"2B Export","description":"2B Export","potentialAction":[{"@type":"SearchAction","target":{"@type":"EntryPoint","urlTemplate":"https:\/\/2bexport.com.tr\/de\/?s={search_term_string}"},"query-input":{"@type":"PropertyValueSpecification","valueRequired":true,"valueName":"search_term_string"}}],"inLanguage":"de"}]}},"_links":{"self":[{"href":"https:\/\/2bexport.com.tr\/de\/wp-json\/wp\/v2\/pages\/7030","targetHints":{"allow":["GET"]}}],"collection":[{"href":"https:\/\/2bexport.com.tr\/de\/wp-json\/wp\/v2\/pages"}],"about":[{"href":"https:\/\/2bexport.com.tr\/de\/wp-json\/wp\/v2\/types\/page"}],"author":[{"embeddable":true,"href":"https:\/\/2bexport.com.tr\/de\/wp-json\/wp\/v2\/users\/1"}],"replies":[{"embeddable":true,"href":"https:\/\/2bexport.com.tr\/de\/wp-json\/wp\/v2\/comments?post=7030"}],"version-history":[{"count":2,"href":"https:\/\/2bexport.com.tr\/de\/wp-json\/wp\/v2\/pages\/7030\/revisions"}],"predecessor-version":[{"id":7032,"href":"https:\/\/2bexport.com.tr\/de\/wp-json\/wp\/v2\/pages\/7030\/revisions\/7032"}],"wp:attachment":[{"href":"https:\/\/2bexport.com.tr\/de\/wp-json\/wp\/v2\/media?parent=7030"}],"curies":[{"name":"wp","href":"https:\/\/api.w.org\/{rel}","templated":true}]}}